{"id":2,"date":"2025-01-03T13:03:59","date_gmt":"2025-01-03T13:03:59","guid":{"rendered":"https:\/\/ludobois.com\/?page_id=2"},"modified":"2025-04-22T11:28:08","modified_gmt":"2025-04-22T09:28:08","slug":"sample-page","status":"publish","type":"page","link":"https:\/\/ludobois.com\/","title":{"rendered":"TacTik en bois"},"content":{"rendered":"<div data-block-name=\"woocommerce\/single-product\" data-product-id=\"70\" class=\"wp-block-woocommerce-single-product woocommerce\"><div class=\"wp-block-columns is-layout-flex wp-container-core-columns-is-layout-9d6595d7 wp-block-columns-is-layout-flex\"><div class=\"wp-block-column is-layout-flow wp-block-column-is-layout-flow\"><div data-block-name=\"woocommerce\/product-image\" data-is-descendent-of-single-product-block=\"true\" data-show-sale-badge=\"false\" class=\"wc-block-components-product-image wc-block-grid__product-image wp-block-woocommerce-product-image\">\n\t\t\t\t\t<a href=\"https:\/\/ludobois.com\/index.php\/produit\/tactik-en-bois\/\" style=\"\" data-wp-on--click=\"woocommerce\/product-collection::actions.viewProduct\"> <img fetchpriority=\"high\" decoding=\"async\" width=\"350\" height=\"213\" src=\"https:\/\/ludobois.com\/wp-content\/uploads\/2025\/01\/tactik-350x213.jpg\" class=\"attachment-woocommerce_single size-woocommerce_single\" alt=\"TacTik en bois\" data-testid=\"product-image\" style=\"max-width:none;object-fit:cover;\" title=\"tactik\" srcset=\"https:\/\/ludobois.com\/wp-content\/uploads\/2025\/01\/tactik-350x213.jpg 350w, https:\/\/ludobois.com\/wp-content\/uploads\/2025\/01\/tactik-300x182.jpg 300w, https:\/\/ludobois.com\/wp-content\/uploads\/2025\/01\/tactik-1024x622.jpg 1024w, https:\/\/ludobois.com\/wp-content\/uploads\/2025\/01\/tactik-768x467.jpg 768w, https:\/\/ludobois.com\/wp-content\/uploads\/2025\/01\/tactik.jpg 1447w\" sizes=\"100vw\" \/><\/a>\n\t\t\t\t<\/div><\/div>\n\n<div class=\"wp-block-column is-layout-flow wp-block-column-is-layout-flow\"><div data-block-name=\"woocommerce\/product-price\" data-is-descendent-of-single-product-block=\"true\" class=\"wp-block-woocommerce-product-price\"><div class=\"wc-block-components-product-price wc-block-grid__product-price  \" style=\"\">\n\t\t\t\t\t<del aria-hidden=\"true\"><span class=\"woocommerce-Price-amount amount\"><bdi>115,00&nbsp;<span class=\"woocommerce-Price-currencySymbol\">&euro;<\/span><\/bdi><\/span><\/del> <span class=\"screen-reader-text\">Le prix initial \u00e9tait\u00a0: 115,00&nbsp;&euro;.<\/span><ins aria-hidden=\"true\"><span class=\"woocommerce-Price-amount amount\"><bdi>85,00&nbsp;<span class=\"woocommerce-Price-currencySymbol\">&euro;<\/span><\/bdi><\/span><\/ins><span class=\"screen-reader-text\">Le prix actuel est\u00a0: 85,00&nbsp;&euro;.<\/span>\n\t\t\t\t<\/div><\/div>\n\n<div data-block-name=\"woocommerce\/product-summary\" data-is-descendent-of-single-product-block=\"true\" class=\"wp-block-woocommerce-product-summary\"><div class=\"wc-block-components-product-summary \" style=\"\">\n\t\t\t\t<p>Jeux de soci\u00e9t\u00e9 en bois r\u00e9aliser en France et de mani\u00e8re artisanale pouvant se jouer de 4 \u00e0 8 joueurs.<\/p>\n\n\t\t\t<\/div><\/div>\n\n<div data-block-name=\"woocommerce\/add-to-cart-form\" class=\"wp-block-add-to-cart-form wc-block-add-to-cart-form product wc-block-add-to-cart-form--input wp-block-woocommerce-add-to-cart-form\" >\n\t\n\t<form class=\"cart\" action=\"https:\/\/ludobois.com\/wp-json\/wp\/v2\/pages\/2\" method=\"post\" enctype='multipart\/form-data'>\n\t\t\n\t\t<div class=\"quantity\">\n\t\t<label class=\"screen-reader-text\" for=\"quantity_69e017bd76147\">quantit\u00e9 de TacTik en bois<\/label>\n\t<input\n\t\ttype=\"number\"\n\t\t\t\tid=\"quantity_69e017bd76147\"\n\t\tclass=\"input-text qty text\"\n\t\tname=\"quantity\"\n\t\tvalue=\"1\"\n\t\taria-label=\"Quantit\u00e9 de produits\"\n\t\t\t\tmin=\"1\"\n\t\tmax=\"\"\n\t\t\t\t\tstep=\"1\"\n\t\t\tplaceholder=\"\"\n\t\t\tinputmode=\"numeric\"\n\t\t\tautocomplete=\"off\"\n\t\t\t\/>\n\t<\/div>\n\n\t\t<button type=\"submit\" name=\"add-to-cart\" value=\"70\" class=\"single_add_to_cart_button button alt\">Ajouter au panier<\/button>\n\n\t\t\t<\/form>\n\n\t\n<\/div>\n\n<div data-block-name=\"woocommerce\/product-meta\" class=\"wp-block-woocommerce-product-meta\"><div class=\"wp-block-group is-nowrap is-layout-flex wp-container-core-group-is-layout-ad2f72ca wp-block-group-is-layout-flex\"><\/div><\/div><\/div><\/div><\/div><p><\/p>","protected":false},"excerpt":{"rendered":"","protected":false},"author":1,"featured_media":0,"parent":0,"menu_order":0,"comment_status":"closed","ping_status":"open","template":"","meta":{"footnotes":""},"class_list":["post-2","page","type-page","status-publish","hentry"],"_links":{"self":[{"href":"https:\/\/ludobois.com\/index.php\/wp-json\/wp\/v2\/pages\/2","targetHints":{"allow":["GET"]}}],"collection":[{"href":"https:\/\/ludobois.com\/index.php\/wp-json\/wp\/v2\/pages"}],"about":[{"href":"https:\/\/ludobois.com\/index.php\/wp-json\/wp\/v2\/types\/page"}],"author":[{"embeddable":true,"href":"https:\/\/ludobois.com\/index.php\/wp-json\/wp\/v2\/users\/1"}],"replies":[{"embeddable":true,"href":"https:\/\/ludobois.com\/index.php\/wp-json\/wp\/v2\/comments?post=2"}],"version-history":[{"count":7,"href":"https:\/\/ludobois.com\/index.php\/wp-json\/wp\/v2\/pages\/2\/revisions"}],"predecessor-version":[{"id":106,"href":"https:\/\/ludobois.com\/index.php\/wp-json\/wp\/v2\/pages\/2\/revisions\/106"}],"wp:attachment":[{"href":"https:\/\/ludobois.com\/index.php\/wp-json\/wp\/v2\/media?parent=2"}],"curies":[{"name":"wp","href":"https:\/\/api.w.org\/{rel}","templated":true}]}}